{"id":651,"date":"2022-06-13T09:57:14","date_gmt":"2022-06-13T09:57:14","guid":{"rendered":"https:\/\/ekosen-open.si\/?page_id=651"},"modified":"2022-06-13T10:01:44","modified_gmt":"2022-06-13T10:01:44","slug":"kmn-maribor-2","status":"publish","type":"page","link":"https:\/\/ekosen-open.si\/?page_id=651","title":{"rendered":"VARSTVO OSEBNIH PODATKOV"},"content":{"rendered":"\t\t<div data-elementor-type=\"wp-page\" data-elementor-id=\"651\" class=\"elementor elementor-651\">\n\t\t\t\t\t\t\t\t\t<section class=\"elementor-section elementor-top-section elementor-element elementor-element-e67df4e elementor-section-boxed elementor-section-height-default elementor-section-height-default\" data-id=\"e67df4e\" data-element_type=\"section\">\n\t\t\t\t\t\t<div class=\"elementor-container elementor-column-gap-default\">\n\t\t\t\t\t<div class=\"elementor-column elementor-col-100 elementor-top-column elementor-element elementor-element-f5e4acf\" data-id=\"f5e4acf\" data-element_type=\"column\">\n\t\t\t<div class=\"elementor-widget-wrap elementor-element-populated\">\n\t\t\t\t\t\t\t\t<div class=\"elementor-element elementor-element-5919eb9 elementor-widget elementor-widget-spacer\" data-id=\"5919eb9\" data-element_type=\"widget\" data-widget_type=\"spacer.default\">\n\t\t\t\t<div class=\"elementor-widget-container\">\n\t\t\t<style>\/*! elementor - v3.6.4 - 13-04-2022 *\/\n.e-container.e-container--row .elementor-spacer-inner{width:var(--spacer-size)}.e-container.e-container--column .elementor-spacer-inner,.elementor-column .elementor-spacer-inner{height:var(--spacer-size)}<\/style>\t\t<div class=\"elementor-spacer\">\n\t\t\t<div class=\"elementor-spacer-inner\"><\/div>\n\t\t<\/div>\n\t\t\t\t<\/div>\n\t\t\t\t<\/div>\n\t\t\t\t<div class=\"elementor-element elementor-element-4afa93b elementor-widget elementor-widget-heading\" data-id=\"4afa93b\" data-element_type=\"widget\" data-widget_type=\"heading.default\">\n\t\t\t\t<div class=\"elementor-widget-container\">\n\t\t\t<style>\/*! elementor - v3.6.4 - 13-04-2022 *\/\n.elementor-heading-title{padding:0;margin:0;line-height:1}.elementor-widget-heading .elementor-heading-title[class*=elementor-size-]>a{color:inherit;font-size:inherit;line-height:inherit}.elementor-widget-heading .elementor-heading-title.elementor-size-small{font-size:15px}.elementor-widget-heading .elementor-heading-title.elementor-size-medium{font-size:19px}.elementor-widget-heading .elementor-heading-title.elementor-size-large{font-size:29px}.elementor-widget-heading .elementor-heading-title.elementor-size-xl{font-size:39px}.elementor-widget-heading .elementor-heading-title.elementor-size-xxl{font-size:59px}<\/style><h2 class=\"elementor-heading-title elementor-size-default\">VARSTVO OSEBNIH PODATKOV<\/h2>\t\t<\/div>\n\t\t\t\t<\/div>\n\t\t\t\t<div class=\"elementor-element elementor-element-c222d21 elementor-widget elementor-widget-text-editor\" data-id=\"c222d21\" data-element_type=\"widget\" data-widget_type=\"text-editor.default\">\n\t\t\t\t<div class=\"elementor-widget-container\">\n\t\t\t<style>\/*! elementor - v3.6.4 - 13-04-2022 *\/\n.elementor-widget-text-editor.elementor-drop-cap-view-stacked .elementor-drop-cap{background-color:#818a91;color:#fff}.elementor-widget-text-editor.elementor-drop-cap-view-framed .elementor-drop-cap{color:#818a91;border:3px solid;background-color:transparent}.elementor-widget-text-editor:not(.elementor-drop-cap-view-default) .elementor-drop-cap{margin-top:8px}.elementor-widget-text-editor:not(.elementor-drop-cap-view-default) .elementor-drop-cap-letter{width:1em;height:1em}.elementor-widget-text-editor .elementor-drop-cap{float:left;text-align:center;line-height:1;font-size:50px}.elementor-widget-text-editor .elementor-drop-cap-letter{display:inline-block}<\/style>\t\t\t\t<p><strong>Izjava o varstvu osebnih podatkov<\/strong><\/p>\n<p>Va\u0161e osebne podatke zbiramo in obdelujemo s posebno pozornostjo, zavedajo\u010d se njihovega pomena. Vse na\u0161e aktivnosti so v skladu z evropsko zakonodajo (Uredbo (EU) 2016\/697 o varstvu posameznikov pri obdelavi osebnih podatkov in o pretoku takih podatkov (Splo\u0161na uredba o varstvu podatkov ali GDPR) in konvencijami Sveta Evrope (ETS \u0161t. 108, ETS \u0161t.181, ETS \u0161t. 185, ETS \u0161t. 189) in nacionalno zakonodajo Republike Slovenije (Zakonom o varstvu osebnih podatkov (ZVOP-1, Ur. l. RS, \u0161t. 94\/07), Zakonom o elektronskem poslovanju na trgu (ZEPT, Ur. l. RS, \u0161t. 96\/09 in 19\/15) itd.). Upravljalec osebnih podatkov: Klub malega nogometa Maribor, Ptujska cesta 17, 2204 Miklav\u017e na Dravskem polju. Spletna stran ekosen-open.si zbira podatke o igralcih in sicer:<\/p><p>-ime in priimek,<br>-telefonsko \u0161tevilko in<br>-e-po\u0161to.<\/p>\n<p>Podatke bomo uporabljali za obve\u0161\u010danje in potrebe tekmovanja ekosen-open. Vpis va\u0161ih podatkov na na\u0161i spletni strani poteka prek varne povezave (https).<\/p>\n<p>V zvezi s pridobivanjem in obdelavo va\u0161ih osebnih podatkov imate pravico do dostopa, pregleda, popravkov, prepovedi uporabe, izbrisa osebnih podatkov, ugovora in to\u017ebe. Glede podatkov nam lahko pi\u0161ete na e-po\u0161to: info@ekosen-open.si.<\/p>\n<p>Izjavo o varstvu osebnih podatkov lahko ob\u010dasno posodobimo in jo objavimo na tej spletni strani.<\/p>\t\t\t\t\t\t<\/div>\n\t\t\t\t<\/div>\n\t\t\t\t\t<\/div>\n\t\t<\/div>\n\t\t\t\t\t\t\t<\/div>\n\t\t<\/section>\n\t\t\t\t\t\t\t<\/div>\n\t\t","protected":false},"excerpt":{"rendered":"<p>VARSTVO OSEBNIH PODATKOV Izjava o varstvu osebnih podatkov Va\u0161e osebne podatke zbiramo in obdelujemo s posebno pozornostjo, zavedajo\u010d se njihovega pomena. Vse na\u0161e aktivnosti so v skladu z evropsko zakonodajo (Uredbo (EU) 2016\/697 o varstvu posameznikov pri obdelavi osebnih podatkov in o pretoku takih podatkov (Splo\u0161na uredba o varstvu podatkov ali GDPR) in konvencijami Sveta &hellip;<\/p>\n<p class=\"read-more\"> <a class=\"\" href=\"https:\/\/ekosen-open.si\/?page_id=651\"> <span class=\"screen-reader-text\">VARSTVO OSEBNIH PODATKOV<\/span> Read More &raquo;<\/a><\/p>\n","protected":false},"author":1,"featured_media":0,"parent":0,"menu_order":0,"comment_status":"closed","ping_status":"closed","template":"","meta":{"site-sidebar-layout":"no-sidebar","site-content-layout":"page-builder","ast-main-header-display":"","ast-hfb-above-header-display":"","ast-hfb-below-header-display":"","ast-hfb-mobile-header-display":"","site-post-title":"disabled","ast-breadcrumbs-content":"","ast-featured-img":"disabled","footer-sml-layout":"","theme-transparent-header-meta":"","adv-header-id-meta":"","stick-header-meta":"","header-above-stick-meta":"","header-main-stick-meta":"","header-below-stick-meta":""},"_links":{"self":[{"href":"https:\/\/ekosen-open.si\/index.php?rest_route=\/wp\/v2\/pages\/651"}],"collection":[{"href":"https:\/\/ekosen-open.si\/index.php?rest_route=\/wp\/v2\/pages"}],"about":[{"href":"https:\/\/ekosen-open.si\/index.php?rest_route=\/wp\/v2\/types\/page"}],"author":[{"embeddable":true,"href":"https:\/\/ekosen-open.si\/index.php?rest_route=\/wp\/v2\/users\/1"}],"replies":[{"embeddable":true,"href":"https:\/\/ekosen-open.si\/index.php?rest_route=%2Fwp%2Fv2%2Fcomments&post=651"}],"version-history":[{"count":4,"href":"https:\/\/ekosen-open.si\/index.php?rest_route=\/wp\/v2\/pages\/651\/revisions"}],"predecessor-version":[{"id":657,"href":"https:\/\/ekosen-open.si\/index.php?rest_route=\/wp\/v2\/pages\/651\/revisions\/657"}],"wp:attachment":[{"href":"https:\/\/ekosen-open.si\/index.php?rest_route=%2Fwp%2Fv2%2Fmedia&parent=651"}],"curies":[{"name":"wp","href":"https:\/\/api.w.org\/{rel}","templated":true}]}}