{"id":30,"date":"2022-04-11T10:47:49","date_gmt":"2022-04-11T09:47:49","guid":{"rendered":"https:\/\/ekosen-open.si\/?page_id=30"},"modified":"2022-06-13T10:00:32","modified_gmt":"2022-06-13T10:00:32","slug":"kmn-maribor","status":"publish","type":"page","link":"https:\/\/ekosen-open.si\/?page_id=30","title":{"rendered":"KMN Maribor"},"content":{"rendered":"\t\t<div data-elementor-type=\"wp-page\" data-elementor-id=\"30\" class=\"elementor elementor-30\">\n\t\t\t\t\t\t\t\t\t<section class=\"elementor-section elementor-top-section elementor-element elementor-element-e67df4e elementor-section-boxed elementor-section-height-default elementor-section-height-default\" data-id=\"e67df4e\" data-element_type=\"section\">\n\t\t\t\t\t\t<div class=\"elementor-container elementor-column-gap-default\">\n\t\t\t\t\t<div class=\"elementor-column elementor-col-100 elementor-top-column elementor-element elementor-element-f5e4acf\" data-id=\"f5e4acf\" data-element_type=\"column\">\n\t\t\t<div class=\"elementor-widget-wrap elementor-element-populated\">\n\t\t\t\t\t\t\t\t<div class=\"elementor-element elementor-element-5919eb9 elementor-widget elementor-widget-spacer\" data-id=\"5919eb9\" data-element_type=\"widget\" data-widget_type=\"spacer.default\">\n\t\t\t\t<div class=\"elementor-widget-container\">\n\t\t\t<style>\/*! elementor - v3.6.4 - 13-04-2022 *\/\n.e-container.e-container--row .elementor-spacer-inner{width:var(--spacer-size)}.e-container.e-container--column .elementor-spacer-inner,.elementor-column .elementor-spacer-inner{height:var(--spacer-size)}<\/style>\t\t<div class=\"elementor-spacer\">\n\t\t\t<div class=\"elementor-spacer-inner\"><\/div>\n\t\t<\/div>\n\t\t\t\t<\/div>\n\t\t\t\t<\/div>\n\t\t\t\t<div class=\"elementor-element elementor-element-300de24 elementor-widget elementor-widget-image\" data-id=\"300de24\" data-element_type=\"widget\" data-widget_type=\"image.default\">\n\t\t\t\t<div class=\"elementor-widget-container\">\n\t\t\t<style>\/*! elementor - v3.6.4 - 13-04-2022 *\/\n.elementor-widget-image{text-align:center}.elementor-widget-image a{display:inline-block}.elementor-widget-image a img[src$=\".svg\"]{width:48px}.elementor-widget-image img{vertical-align:middle;display:inline-block}<\/style>\t\t\t\t\t\t\t\t\t\t\t\t<img width=\"300\" height=\"300\" src=\"https:\/\/ekosen-open.si\/wp-content\/uploads\/2022\/04\/kmn_maribor-300x300.png\" class=\"attachment-medium size-medium\" alt=\"\" loading=\"lazy\" srcset=\"https:\/\/ekosen-open.si\/wp-content\/uploads\/2022\/04\/kmn_maribor-300x300.png 300w, https:\/\/ekosen-open.si\/wp-content\/uploads\/2022\/04\/kmn_maribor-150x150.png 150w, https:\/\/ekosen-open.si\/wp-content\/uploads\/2022\/04\/kmn_maribor.png 602w\" sizes=\"(max-width: 300px) 100vw, 300px\" \/>\t\t\t\t\t\t\t\t\t\t\t\t\t\t\t<\/div>\n\t\t\t\t<\/div>\n\t\t\t\t<div class=\"elementor-element elementor-element-4afa93b elementor-widget elementor-widget-heading\" data-id=\"4afa93b\" data-element_type=\"widget\" data-widget_type=\"heading.default\">\n\t\t\t\t<div class=\"elementor-widget-container\">\n\t\t\t<style>\/*! elementor - v3.6.4 - 13-04-2022 *\/\n.elementor-heading-title{padding:0;margin:0;line-height:1}.elementor-widget-heading .elementor-heading-title[class*=elementor-size-]>a{color:inherit;font-size:inherit;line-height:inherit}.elementor-widget-heading .elementor-heading-title.elementor-size-small{font-size:15px}.elementor-widget-heading .elementor-heading-title.elementor-size-medium{font-size:19px}.elementor-widget-heading .elementor-heading-title.elementor-size-large{font-size:29px}.elementor-widget-heading .elementor-heading-title.elementor-size-xl{font-size:39px}.elementor-widget-heading .elementor-heading-title.elementor-size-xxl{font-size:59px}<\/style><h2 class=\"elementor-heading-title elementor-size-default\">O KLUBU<\/h2>\t\t<\/div>\n\t\t\t\t<\/div>\n\t\t\t\t<div class=\"elementor-element elementor-element-c222d21 elementor-widget elementor-widget-text-editor\" data-id=\"c222d21\" data-element_type=\"widget\" data-widget_type=\"text-editor.default\">\n\t\t\t\t<div class=\"elementor-widget-container\">\n\t\t\t<style>\/*! elementor - v3.6.4 - 13-04-2022 *\/\n.elementor-widget-text-editor.elementor-drop-cap-view-stacked .elementor-drop-cap{background-color:#818a91;color:#fff}.elementor-widget-text-editor.elementor-drop-cap-view-framed .elementor-drop-cap{color:#818a91;border:3px solid;background-color:transparent}.elementor-widget-text-editor:not(.elementor-drop-cap-view-default) .elementor-drop-cap{margin-top:8px}.elementor-widget-text-editor:not(.elementor-drop-cap-view-default) .elementor-drop-cap-letter{width:1em;height:1em}.elementor-widget-text-editor .elementor-drop-cap{float:left;text-align:center;line-height:1;font-size:50px}.elementor-widget-text-editor .elementor-drop-cap-letter{display:inline-block}<\/style>\t\t\t\t<p><span style=\"color: #515151;\">Klub malega nogometa Maribor so ustanovili nogometni zanesenjaki iz Maribora in \u0161ir\u0161e okolice, 18.11.2021 z ustanovnim ob\u010dnim zborom v kavarni Betnava v Mariboru. Na ustanovnem zboru so bili prisotni: Viktor Rep, Ale\u0161 Babi\u010d, Karl Zamuda, Dejan Vaupoti\u010d in Nejc Brusar.<\/span><\/p><p>Cilj ustanovitve kluba je bil spodbuditi zanimanje za mali nogomet na travi v Mariboru in \u0161ir\u0161i okolici. Ter vzpodbuditi mlaj\u0161e generacije za mali nogomet in \u0161port nasploh, saj je \u0161port eden najmo\u010dnej\u0161ih motivatorjev za zdrav na\u010din \u017eivljenja, spodbujanje pozitivnih vrednot ter pridobivanje odgovornosti in discipline v dru\u017ebi.<\/p><p>Skupaj s podjetjem Ekosen smo ustanovili\u00a0<a href=\"https:\/\/ekosen-open.si\/?page_id=25\">\u0160tajersko ligo Ekosen<\/a>\u00a0in ob podpori Slovenske malonogometne zveze tudi malonogometne turnirje\u00a0<a href=\"https:\/\/ekosen-open.si\/?page_id=20\">Ekosen open<\/a>\u00a0po vse Sloveniji na katerem dobimo na koncu finalnega pokalnega prvaka Slovenije.\u00a0\u200b<\/p>\t\t\t\t\t\t<\/div>\n\t\t\t\t<\/div>\n\t\t\t\t\t<\/div>\n\t\t<\/div>\n\t\t\t\t\t\t\t<\/div>\n\t\t<\/section>\n\t\t\t\t\t\t\t<\/div>\n\t\t","protected":false},"excerpt":{"rendered":"<p>O KLUBU Klub malega nogometa Maribor so ustanovili nogometni zanesenjaki iz Maribora in \u0161ir\u0161e okolice, 18.11.2021 z ustanovnim ob\u010dnim zborom v kavarni Betnava v Mariboru. Na ustanovnem zboru so bili prisotni: Viktor Rep, Ale\u0161 Babi\u010d, Karl Zamuda, Dejan Vaupoti\u010d in Nejc Brusar. Cilj ustanovitve kluba je bil spodbuditi zanimanje za mali nogomet na travi v &hellip;<\/p>\n<p class=\"read-more\"> <a class=\"\" href=\"https:\/\/ekosen-open.si\/?page_id=30\"> <span class=\"screen-reader-text\">KMN Maribor<\/span> Read More &raquo;<\/a><\/p>\n","protected":false},"author":1,"featured_media":0,"parent":0,"menu_order":0,"comment_status":"closed","ping_status":"closed","template":"","meta":{"site-sidebar-layout":"no-sidebar","site-content-layout":"page-builder","ast-main-header-display":"","ast-hfb-above-header-display":"","ast-hfb-below-header-display":"","ast-hfb-mobile-header-display":"","site-post-title":"disabled","ast-breadcrumbs-content":"","ast-featured-img":"disabled","footer-sml-layout":"","theme-transparent-header-meta":"","adv-header-id-meta":"","stick-header-meta":"","header-above-stick-meta":"","header-main-stick-meta":"","header-below-stick-meta":""},"_links":{"self":[{"href":"https:\/\/ekosen-open.si\/index.php?rest_route=\/wp\/v2\/pages\/30"}],"collection":[{"href":"https:\/\/ekosen-open.si\/index.php?rest_route=\/wp\/v2\/pages"}],"about":[{"href":"https:\/\/ekosen-open.si\/index.php?rest_route=\/wp\/v2\/types\/page"}],"author":[{"embeddable":true,"href":"https:\/\/ekosen-open.si\/index.php?rest_route=\/wp\/v2\/users\/1"}],"replies":[{"embeddable":true,"href":"https:\/\/ekosen-open.si\/index.php?rest_route=%2Fwp%2Fv2%2Fcomments&post=30"}],"version-history":[{"count":27,"href":"https:\/\/ekosen-open.si\/index.php?rest_route=\/wp\/v2\/pages\/30\/revisions"}],"predecessor-version":[{"id":656,"href":"https:\/\/ekosen-open.si\/index.php?rest_route=\/wp\/v2\/pages\/30\/revisions\/656"}],"wp:attachment":[{"href":"https:\/\/ekosen-open.si\/index.php?rest_route=%2Fwp%2Fv2%2Fmedia&parent=30"}],"curies":[{"name":"wp","href":"https:\/\/api.w.org\/{rel}","templated":true}]}}