{"id":15,"date":"2022-04-11T10:45:06","date_gmt":"2022-04-11T09:45:06","guid":{"rendered":"https:\/\/ekosen-open.si\/?page_id=15"},"modified":"2022-06-20T15:40:54","modified_gmt":"2022-06-20T15:40:54","slug":"novice","status":"publish","type":"page","link":"https:\/\/ekosen-open.si\/?page_id=15","title":{"rendered":"Novice"},"content":{"rendered":"\t\t<div data-elementor-type=\"wp-page\" data-elementor-id=\"15\" class=\"elementor elementor-15\">\n\t\t\t\t\t\t\t\t\t<section class=\"elementor-section elementor-top-section elementor-element elementor-element-312cd33 elementor-section-boxed elementor-section-height-default elementor-section-height-default\" data-id=\"312cd33\" data-element_type=\"section\">\n\t\t\t\t\t\t<div class=\"elementor-container elementor-column-gap-default\">\n\t\t\t\t\t<div class=\"elementor-column elementor-col-100 elementor-top-column elementor-element elementor-element-600759a\" data-id=\"600759a\" data-element_type=\"column\">\n\t\t\t<div class=\"elementor-widget-wrap\">\n\t\t\t\t\t\t\t\t\t<\/div>\n\t\t<\/div>\n\t\t\t\t\t\t\t<\/div>\n\t\t<\/section>\n\t\t\t\t<section class=\"elementor-section elementor-top-section elementor-element elementor-element-237288a elementor-section-boxed elementor-section-height-default elementor-section-height-default\" data-id=\"237288a\" data-element_type=\"section\">\n\t\t\t\t\t\t<div class=\"elementor-container elementor-column-gap-default\">\n\t\t\t\t\t<div class=\"elementor-column elementor-col-100 elementor-top-column elementor-element elementor-element-5f7f7cd\" data-id=\"5f7f7cd\" data-element_type=\"column\">\n\t\t\t<div class=\"elementor-widget-wrap elementor-element-populated\">\n\t\t\t\t\t\t\t\t<div class=\"elementor-element elementor-element-a6f5c1f elementor-posts--align-left elementor-grid-3 elementor-grid-tablet-2 elementor-grid-mobile-1 elementor-posts--thumbnail-top elementor-card-shadow-yes elementor-posts__hover-gradient elementor-invisible elementor-widget elementor-widget-posts\" data-id=\"a6f5c1f\" data-element_type=\"widget\" data-settings=\"{&quot;_animation&quot;:&quot;zoomIn&quot;,&quot;pagination_type&quot;:&quot;load_more_infinite_scroll&quot;,&quot;cards_columns&quot;:&quot;3&quot;,&quot;cards_columns_tablet&quot;:&quot;2&quot;,&quot;cards_columns_mobile&quot;:&quot;1&quot;,&quot;cards_row_gap&quot;:{&quot;unit&quot;:&quot;px&quot;,&quot;size&quot;:35,&quot;sizes&quot;:[]},&quot;cards_row_gap_tablet&quot;:{&quot;unit&quot;:&quot;px&quot;,&quot;size&quot;:&quot;&quot;,&quot;sizes&quot;:[]},&quot;cards_row_gap_mobile&quot;:{&quot;unit&quot;:&quot;px&quot;,&quot;size&quot;:&quot;&quot;,&quot;sizes&quot;:[]},&quot;load_more_spinner&quot;:{&quot;value&quot;:&quot;fas fa-spinner&quot;,&quot;library&quot;:&quot;fa-solid&quot;}}\" data-widget_type=\"posts.cards\">\n\t\t\t\t<div class=\"elementor-widget-container\">\n\t\t\t<link rel=\"stylesheet\" href=\"https:\/\/ekosen-open.si\/wp-content\/plugins\/elementor-pro\/assets\/css\/widget-posts.min.css\">\t\t<div class=\"elementor-posts-container elementor-posts elementor-posts--skin-cards elementor-grid\">\n\t\t\t\t<article class=\"elementor-post elementor-grid-item post-765 post type-post status-publish format-standard has-post-thumbnail hentry category-nekategorizirano\">\n\t\t\t<div class=\"elementor-post__card\">\n\t\t\t\t<a class=\"elementor-post__thumbnail__link\" href=\"https:\/\/ekosen-open.si\/?p=765\" ><div class=\"elementor-post__thumbnail\"><img width=\"768\" height=\"633\" src=\"https:\/\/ekosen-open.si\/wp-content\/uploads\/2022\/12\/1-768x633.jpg\" class=\"attachment-medium_large size-medium_large\" alt=\"\" loading=\"lazy\" srcset=\"https:\/\/ekosen-open.si\/wp-content\/uploads\/2022\/12\/1-768x633.jpg 768w, https:\/\/ekosen-open.si\/wp-content\/uploads\/2022\/12\/1-300x247.jpg 300w, https:\/\/ekosen-open.si\/wp-content\/uploads\/2022\/12\/1-1024x843.jpg 1024w, https:\/\/ekosen-open.si\/wp-content\/uploads\/2022\/12\/1-1536x1265.jpg 1536w, https:\/\/ekosen-open.si\/wp-content\/uploads\/2022\/12\/1-2048x1687.jpg 2048w\" sizes=\"(max-width: 768px) 100vw, 768px\" \/><\/div><\/a>\n\t\t\t\t<div class=\"elementor-post__text\">\n\t\t\t\t<h3 class=\"elementor-post__title\">\n\t\t\t<a href=\"https:\/\/ekosen-open.si\/?p=765\" >\n\t\t\t\tTURNIR ZA NASLOV POKALNIH PRVAKOV SLOVENIJE 2022\t\t\t<\/a>\n\t\t<\/h3>\n\t\t\t\t<div class=\"elementor-post__excerpt\">\n\t\t\t<p>V soboto je potekal v \u0160portnem centru Gali\u010d v Mariboru nogometni turnir za naslov Pokalni prvak Slovenije 2022 t.i. EKOSEN OPEN, ki ga organizira podjetje<\/p>\n\t\t<\/div>\n\t\t\t\t\t<a class=\"elementor-post__read-more\" href=\"https:\/\/ekosen-open.si\/?p=765\" >\n\t\t\t\tPreberite ve\u010d...\t\t\t<\/a>\n\t\t\t\t<\/div>\n\t\t\t\t<div class=\"elementor-post__meta-data\">\n\t\t\t\t\t<span class=\"elementor-post-date\">\n\t\t\t12. decembra, 2022\t\t<\/span>\n\t\t\t\t<\/div>\n\t\t\t\t\t<\/div>\n\t\t<\/article>\n\t\t\t\t<article class=\"elementor-post elementor-grid-item post-735 post type-post status-publish format-standard has-post-thumbnail hentry category-nekategorizirano\">\n\t\t\t<div class=\"elementor-post__card\">\n\t\t\t\t<a class=\"elementor-post__thumbnail__link\" href=\"https:\/\/ekosen-open.si\/?p=735\" ><div class=\"elementor-post__thumbnail\"><img width=\"724\" height=\"1011\" src=\"https:\/\/ekosen-open.si\/wp-content\/uploads\/2022\/11\/Plakat-22.png\" class=\"attachment-medium_large size-medium_large\" alt=\"\" loading=\"lazy\" srcset=\"https:\/\/ekosen-open.si\/wp-content\/uploads\/2022\/11\/Plakat-22.png 724w, https:\/\/ekosen-open.si\/wp-content\/uploads\/2022\/11\/Plakat-22-215x300.png 215w\" sizes=\"(max-width: 724px) 100vw, 724px\" \/><\/div><\/a>\n\t\t\t\t<div class=\"elementor-post__text\">\n\t\t\t\t<h3 class=\"elementor-post__title\">\n\t\t\t<a href=\"https:\/\/ekosen-open.si\/?p=735\" >\n\t\t\t\tRAZPIS IN PRAVILA TURNIRJA V MALEM NOGOMETU EKOSEN OPEN (5+1) za naslov POKALNIH PRVAKOV SLOVENIJE 2022\t\t\t<\/a>\n\t\t<\/h3>\n\t\t\t\t<div class=\"elementor-post__excerpt\">\n\t\t\t<p>Podjetje Ekosen, specialisti za IR ogrevanje v sodelovanju z KMN Maribor in ob podpori SMZ- ja (Slovenska malonogometna zveza) organizirajo turnir za naslov pokalnih prvakov<\/p>\n\t\t<\/div>\n\t\t\t\t\t<a class=\"elementor-post__read-more\" href=\"https:\/\/ekosen-open.si\/?p=735\" >\n\t\t\t\tPreberite ve\u010d...\t\t\t<\/a>\n\t\t\t\t<\/div>\n\t\t\t\t<div class=\"elementor-post__meta-data\">\n\t\t\t\t\t<span class=\"elementor-post-date\">\n\t\t\t12. novembra, 2022\t\t<\/span>\n\t\t\t\t<\/div>\n\t\t\t\t\t<\/div>\n\t\t<\/article>\n\t\t\t\t<article class=\"elementor-post elementor-grid-item post-693 post type-post status-publish format-standard has-post-thumbnail hentry category-nekategorizirano\">\n\t\t\t<div class=\"elementor-post__card\">\n\t\t\t\t<a class=\"elementor-post__thumbnail__link\" href=\"https:\/\/ekosen-open.si\/?p=693\" ><div class=\"elementor-post__thumbnail\"><img width=\"758\" height=\"572\" src=\"https:\/\/ekosen-open.si\/wp-content\/uploads\/2022\/04\/ekosen-open-22_orig.png\" class=\"attachment-medium_large size-medium_large\" alt=\"\" loading=\"lazy\" srcset=\"https:\/\/ekosen-open.si\/wp-content\/uploads\/2022\/04\/ekosen-open-22_orig.png 758w, https:\/\/ekosen-open.si\/wp-content\/uploads\/2022\/04\/ekosen-open-22_orig-300x226.png 300w\" sizes=\"(max-width: 758px) 100vw, 758px\" \/><\/div><\/a>\n\t\t\t\t<div class=\"elementor-post__text\">\n\t\t\t\t<h3 class=\"elementor-post__title\">\n\t\t\t<a href=\"https:\/\/ekosen-open.si\/?p=693\" >\n\t\t\t\tPrijave na regijski turnir EKOSEN OPEN za naslov pokalnih prvakov Pomurja\t\t\t<\/a>\n\t\t<\/h3>\n\t\t\t\t<div class=\"elementor-post__excerpt\">\n\t\t\t<p>Klub malega nogometa Maribor ter Slovenska malonogometna zveza v sodelovanju s podjetjem\u00a0 Ekosen, d. o. o. , in organizatorji po terenu prireja regijske turnirje za<\/p>\n\t\t<\/div>\n\t\t\t\t\t<a class=\"elementor-post__read-more\" href=\"https:\/\/ekosen-open.si\/?p=693\" >\n\t\t\t\tPreberite ve\u010d...\t\t\t<\/a>\n\t\t\t\t<\/div>\n\t\t\t\t<div class=\"elementor-post__meta-data\">\n\t\t\t\t\t<span class=\"elementor-post-date\">\n\t\t\t17. junija, 2022\t\t<\/span>\n\t\t\t\t<\/div>\n\t\t\t\t\t<\/div>\n\t\t<\/article>\n\t\t\t\t<article class=\"elementor-post elementor-grid-item post-667 post type-post status-publish format-standard has-post-thumbnail hentry category-nekategorizirano\">\n\t\t\t<div class=\"elementor-post__card\">\n\t\t\t\t<a class=\"elementor-post__thumbnail__link\" href=\"https:\/\/ekosen-open.si\/?p=667\" ><div class=\"elementor-post__thumbnail\"><img width=\"768\" height=\"913\" src=\"https:\/\/ekosen-open.si\/wp-content\/uploads\/2022\/05\/markirka_001-768x913.jpg\" class=\"attachment-medium_large size-medium_large\" alt=\"\" loading=\"lazy\" srcset=\"https:\/\/ekosen-open.si\/wp-content\/uploads\/2022\/05\/markirka_001-768x913.jpg 768w, https:\/\/ekosen-open.si\/wp-content\/uploads\/2022\/05\/markirka_001-252x300.jpg 252w, https:\/\/ekosen-open.si\/wp-content\/uploads\/2022\/05\/markirka_001.jpg 834w\" sizes=\"(max-width: 768px) 100vw, 768px\" \/><\/div><\/a>\n\t\t\t\t<div class=\"elementor-post__text\">\n\t\t\t\t<h3 class=\"elementor-post__title\">\n\t\t\t<a href=\"https:\/\/ekosen-open.si\/?p=667\" >\n\t\t\t\tMarkirke za ljubitelje malega nogometa\t\t\t<\/a>\n\t\t<\/h3>\n\t\t\t\t<div class=\"elementor-post__excerpt\">\n\t\t\t<p>280 markirk bomo razdelili 35 ekipam, ljubiteljem malega nogometa, \u010de vpi\u0161ejo podatke 8 njihovih igralcev z elektronskim naslovom in telefonom. Prijava ekipe : Izjavo o<\/p>\n\t\t<\/div>\n\t\t\t\t\t<a class=\"elementor-post__read-more\" href=\"https:\/\/ekosen-open.si\/?p=667\" >\n\t\t\t\tPreberite ve\u010d...\t\t\t<\/a>\n\t\t\t\t<\/div>\n\t\t\t\t<div class=\"elementor-post__meta-data\">\n\t\t\t\t\t<span class=\"elementor-post-date\">\n\t\t\t13. junija, 2022\t\t<\/span>\n\t\t\t\t<\/div>\n\t\t\t\t\t<\/div>\n\t\t<\/article>\n\t\t\t\t<article class=\"elementor-post elementor-grid-item post-235 post type-post status-publish format-standard has-post-thumbnail hentry category-nekategorizirano\">\n\t\t\t<div class=\"elementor-post__card\">\n\t\t\t\t<a class=\"elementor-post__thumbnail__link\" href=\"https:\/\/ekosen-open.si\/?p=235\" ><div class=\"elementor-post__thumbnail\"><img width=\"768\" height=\"768\" src=\"https:\/\/ekosen-open.si\/wp-content\/uploads\/2022\/04\/cropped-ekosen_open_logo.png\" class=\"attachment-medium_large size-medium_large\" alt=\"\" loading=\"lazy\" srcset=\"https:\/\/ekosen-open.si\/wp-content\/uploads\/2022\/04\/cropped-ekosen_open_logo-768x768.png 768w, https:\/\/ekosen-open.si\/wp-content\/uploads\/2022\/04\/cropped-ekosen_open_logo-300x300.png 300w, https:\/\/ekosen-open.si\/wp-content\/uploads\/2022\/04\/cropped-ekosen_open_logo-1024x1024.png 1024w, https:\/\/ekosen-open.si\/wp-content\/uploads\/2022\/04\/cropped-ekosen_open_logo-150x150.png 150w, https:\/\/ekosen-open.si\/wp-content\/uploads\/2022\/04\/cropped-ekosen_open_logo-1536x1536.png 1536w, https:\/\/ekosen-open.si\/wp-content\/uploads\/2022\/04\/cropped-ekosen_open_logo.png 1852w\" sizes=\"(max-width: 768px) 100vw, 768px\" \/><\/div><\/a>\n\t\t\t\t<div class=\"elementor-post__text\">\n\t\t\t\t<h3 class=\"elementor-post__title\">\n\t\t\t<a href=\"https:\/\/ekosen-open.si\/?p=235\" >\n\t\t\t\tFUTSAL TURNIR EKOSEN\t\t\t<\/a>\n\t\t<\/h3>\n\t\t\t\t<div class=\"elementor-post__excerpt\">\n\t\t\t<p>18.06.2022 \u2013 \u0160entilj &#8211; Slovenija Organizator KMN Maribor in podjetje EKOSEN, specialisti za IR ogrevanje prirejata v \u0160portnem parku Oskarja Mezgeca v \u0160entilju EKOSEN FUTSAL<\/p>\n\t\t<\/div>\n\t\t\t\t\t<a class=\"elementor-post__read-more\" href=\"https:\/\/ekosen-open.si\/?p=235\" >\n\t\t\t\tPreberite ve\u010d...\t\t\t<\/a>\n\t\t\t\t<\/div>\n\t\t\t\t<div class=\"elementor-post__meta-data\">\n\t\t\t\t\t<span class=\"elementor-post-date\">\n\t\t\t28. maja, 2022\t\t<\/span>\n\t\t\t\t<\/div>\n\t\t\t\t\t<\/div>\n\t\t<\/article>\n\t\t\t\t<article class=\"elementor-post elementor-grid-item post-549 post type-post status-publish format-standard has-post-thumbnail hentry category-nekategorizirano\">\n\t\t\t<div class=\"elementor-post__card\">\n\t\t\t\t<a class=\"elementor-post__thumbnail__link\" href=\"https:\/\/ekosen-open.si\/?p=549\" ><div class=\"elementor-post__thumbnail\"><img width=\"758\" height=\"572\" src=\"https:\/\/ekosen-open.si\/wp-content\/uploads\/2022\/04\/ekosen-open-22_orig.png\" class=\"attachment-medium_large size-medium_large\" alt=\"\" loading=\"lazy\" srcset=\"https:\/\/ekosen-open.si\/wp-content\/uploads\/2022\/04\/ekosen-open-22_orig.png 758w, https:\/\/ekosen-open.si\/wp-content\/uploads\/2022\/04\/ekosen-open-22_orig-300x226.png 300w\" sizes=\"(max-width: 758px) 100vw, 758px\" \/><\/div><\/a>\n\t\t\t\t<div class=\"elementor-post__text\">\n\t\t\t\t<h3 class=\"elementor-post__title\">\n\t\t\t<a href=\"https:\/\/ekosen-open.si\/?p=549\" >\n\t\t\t\tRazpis za organizatorja regijskega turnirja EKOSEN OPEN\t\t\t<\/a>\n\t\t<\/h3>\n\t\t\t\t<div class=\"elementor-post__excerpt\">\n\t\t\t<p>Podjetje EKOSEN, specialisti za IR ogrevanje in Klub malega nogometa Maribor (KMN Maribor) ter ob podpori Slovenske malonogometne zveze skladno s sklepom Upravnega odbora objavlja<\/p>\n\t\t<\/div>\n\t\t\t\t\t<a class=\"elementor-post__read-more\" href=\"https:\/\/ekosen-open.si\/?p=549\" >\n\t\t\t\tPreberite ve\u010d...\t\t\t<\/a>\n\t\t\t\t<\/div>\n\t\t\t\t<div class=\"elementor-post__meta-data\">\n\t\t\t\t\t<span class=\"elementor-post-date\">\n\t\t\t24. aprila, 2022\t\t<\/span>\n\t\t\t\t<\/div>\n\t\t\t\t\t<\/div>\n\t\t<\/article>\n\t\t\t\t<\/div>\n\n\n\t\t\t\t\t<span class=\"e-load-more-spinner\">\n\t\t\t\t<i aria-hidden=\"true\" class=\"fas fa-spinner\"><\/i>\t\t\t<\/span>\n\t\t\n\t\t\t\t<div class=\"e-load-more-anchor\" data-page=\"1\" data-max-page=\"2\" data-next-page=\"https:\/\/ekosen-open.si\/index.php?rest_route=%2Fwp%2Fv2%2Fpages%2F15&#038;paged=2\"><\/div>\n\t\t\t\t<div class=\"e-load-more-message\"><\/div>\n\t\t\t\t<\/div>\n\t\t\t\t<\/div>\n\t\t\t\t\t<\/div>\n\t\t<\/div>\n\t\t\t\t\t\t\t<\/div>\n\t\t<\/section>\n\t\t\t\t\t\t\t<\/div>\n\t\t","protected":false},"excerpt":{"rendered":"","protected":false},"author":1,"featured_media":0,"parent":0,"menu_order":0,"comment_status":"closed","ping_status":"closed","template":"","meta":{"site-sidebar-layout":"no-sidebar","site-content-layout":"page-builder","ast-main-header-display":"","ast-hfb-above-header-display":"","ast-hfb-below-header-display":"","ast-hfb-mobile-header-display":"","site-post-title":"disabled","ast-breadcrumbs-content":"","ast-featured-img":"disabled","footer-sml-layout":"","theme-transparent-header-meta":"","adv-header-id-meta":"","stick-header-meta":"","header-above-stick-meta":"","header-main-stick-meta":"","header-below-stick-meta":""},"_links":{"self":[{"href":"https:\/\/ekosen-open.si\/index.php?rest_route=\/wp\/v2\/pages\/15"}],"collection":[{"href":"https:\/\/ekosen-open.si\/index.php?rest_route=\/wp\/v2\/pages"}],"about":[{"href":"https:\/\/ekosen-open.si\/index.php?rest_route=\/wp\/v2\/types\/page"}],"author":[{"embeddable":true,"href":"https:\/\/ekosen-open.si\/index.php?rest_route=\/wp\/v2\/users\/1"}],"replies":[{"embeddable":true,"href":"https:\/\/ekosen-open.si\/index.php?rest_route=%2Fwp%2Fv2%2Fcomments&post=15"}],"version-history":[{"count":25,"href":"https:\/\/ekosen-open.si\/index.php?rest_route=\/wp\/v2\/pages\/15\/revisions"}],"predecessor-version":[{"id":732,"href":"https:\/\/ekosen-open.si\/index.php?rest_route=\/wp\/v2\/pages\/15\/revisions\/732"}],"wp:attachment":[{"href":"https:\/\/ekosen-open.si\/index.php?rest_route=%2Fwp%2Fv2%2Fmedia&parent=15"}],"curies":[{"name":"wp","href":"https:\/\/api.w.org\/{rel}","templated":true}]}}